{"id":95,"date":"2017-01-21T18:35:25","date_gmt":"2017-01-21T18:35:25","guid":{"rendered":"http:\/\/localhost\/mintmines.gov.cc\/?page_id=95"},"modified":"2017-01-21T18:35:25","modified_gmt":"2017-01-21T18:35:25","slug":"unit-of-promotion-and-monitoring-of-mining-industrial-and-technological-revenues","status":"publish","type":"page","link":"https:\/\/minminesgov.cc\/fr\/ministry\/central-administration\/general-secretariat\/unit-of-promotion-and-monitoring-of-mining-industrial-and-technological-revenues\/","title":{"rendered":"unit-of-promotion-and-monitoring-of-mining-industrial-and-technological-revenues"},"content":{"rendered":"<h2>Cellule de la Promotion et du Suivi des Recettes Mini\u00e8res, Industrielles et Technologiques<\/h2>\n<p>Plac\u00e9e sous l&#8217;autorit\u00e9 d&#8217;un Chef de Cellule, la Cellule de la Promotion et du Suivi des Recettes Mini\u00e8res, Industrielles et Technologiques est charg\u00e9e:<\/p>\n<p>&#8211; du d\u00e9veloppement des strat\u00e9gies permettant d&#8217;accroitre les recettes mini\u00e8res, industrielles et technologiques;<\/p>\n<p>&#8211; du suivi du recouvrement des recettes mini\u00e8res,industrielles et technologiques, en liaison avec le minist\u00e8re des finances;<\/p>\n<p>&#8211; de la gestion des quote-parts des recettes mini\u00e8res, industrielles et technologiques attribu\u00e9es au Minist\u00e8re;<\/p>\n<p>&#8211; de la centralisation des informations et des statistiques relatives aux recettes mini\u00e8res, industrielles et technologiques\u00a0;<\/p>\n<p>&#8211; du suivi de la gestion des fonds et programmes financiers relatifs au d\u00e9veloppement des mines, de l&#8217;industrie et de la technologie.<\/p>\n","protected":false},"excerpt":{"rendered":"<div class=\"mh-excerpt\"><p>Cellule de la Promotion et du Suivi des Recettes Mini\u00e8res, Industrielles et Technologiques Plac\u00e9e sous l&#8217;autorit\u00e9 d&#8217;un Chef de Cellule, la Cellule de la Promotion <a class=\"mh-excerpt-more\" href=\"https:\/\/minminesgov.cc\/fr\/ministry\/central-administration\/general-secretariat\/unit-of-promotion-and-monitoring-of-mining-industrial-and-technological-revenues\/\" title=\"unit-of-promotion-and-monitoring-of-mining-industrial-and-technological-revenues\">[More&#8230;]<\/a><\/p>\n<\/div>","protected":false},"author":1,"featured_media":0,"parent":93,"menu_order":0,"comment_status":"closed","ping_status":"closed","template":"","meta":{"footnotes":""},"class_list":["post-95","page","type-page","status-publish","hentry"],"_links":{"self":[{"href":"https:\/\/minminesgov.cc\/fr\/wp-json\/wp\/v2\/pages\/95"}],"collection":[{"href":"https:\/\/minminesgov.cc\/fr\/wp-json\/wp\/v2\/pages"}],"about":[{"href":"https:\/\/minminesgov.cc\/fr\/wp-json\/wp\/v2\/types\/page"}],"author":[{"embeddable":true,"href":"https:\/\/minminesgov.cc\/fr\/wp-json\/wp\/v2\/users\/1"}],"replies":[{"embeddable":true,"href":"https:\/\/minminesgov.cc\/fr\/wp-json\/wp\/v2\/comments?post=95"}],"version-history":[{"count":1,"href":"https:\/\/minminesgov.cc\/fr\/wp-json\/wp\/v2\/pages\/95\/revisions"}],"predecessor-version":[{"id":96,"href":"https:\/\/minminesgov.cc\/fr\/wp-json\/wp\/v2\/pages\/95\/revisions\/96"}],"up":[{"embeddable":true,"href":"https:\/\/minminesgov.cc\/fr\/wp-json\/wp\/v2\/pages\/93"}],"wp:attachment":[{"href":"https:\/\/minminesgov.cc\/fr\/wp-json\/wp\/v2\/media?parent=95"}],"curies":[{"name":"wp","href":"https:\/\/api.w.org\/{rel}","templated":true}]}}