{"id":186,"date":"2017-01-21T20:10:45","date_gmt":"2017-01-21T20:10:45","guid":{"rendered":"http:\/\/localhost\/mintmines.gov.cc\/?page_id=186"},"modified":"2017-01-21T20:10:45","modified_gmt":"2017-01-21T20:10:45","slug":"aprocom-ph","status":"publish","type":"page","link":"https:\/\/minminesgov.cc\/fr\/major-objectives\/aprocom-ph\/","title":{"rendered":"APROCOM-PH"},"content":{"rendered":"<h1 align=\"center\">Projet d\u2019Am\u00e9lioration de la Productivit\u00e9 et de la<\/h1>\n<h1 align=\"center\">Comp\u00e9titivit\u00e9 de la fili\u00e8re Palmier \u00e0 Huile (APROCOM-PH)<\/h1>\n<p><strong>\u00a0<\/strong><\/p>\n<p><strong>INFORMATIONS UTILES SUR LE PROJET<\/strong><\/p>\n<p><strong>\u00a0<\/strong><\/p>\n<table border=\"1\" cellspacing=\"0\" cellpadding=\"0\">\n<tbody>\n<tr>\n<td valign=\"top\" width=\"208\"><strong>Agence d\u2019Ex\u00e9cution du Projet :\u00a0\u00a0 <\/strong><\/td>\n<td valign=\"top\" width=\"482\">Organisation des Nations Unies pour le D\u00e9veloppement Industriel (ONUDI)<\/td>\n<\/tr>\n<tr>\n<td valign=\"top\" width=\"208\"><strong>Organisme de Supervision\u00a0:<\/strong><\/td>\n<td valign=\"top\" width=\"482\">Groupe intergouvernemental sur les huiles, les ol\u00e9agineux et les graisses<\/td>\n<\/tr>\n<tr>\n<td valign=\"top\" width=\"208\"><strong>Dur\u00e9e du projet :\u00a0\u00a0\u00a0\u00a0\u00a0\u00a0 <\/strong><\/td>\n<td valign=\"top\" width=\"482\">48 mois<\/td>\n<\/tr>\n<tr>\n<td valign=\"top\" width=\"208\">Principaux Minist\u00e8res concern\u00e9s:<\/td>\n<td valign=\"top\" width=\"482\">&#8211;\u00a0Minist\u00e8re des Mines, de l\u2019Industries et du D\u00e9veloppement Technologique<\/p>\n<p>&#8211;\u00a0\u00a0\u00a0 Minist\u00e8re du Commerce<\/p>\n<p>&#8211;\u00a0\u00a0\u00a0 Minist\u00e8re de l\u2019Agriculture et du D\u00e9veloppement Rural<\/p>\n<p>&#8211;\u00a0\u00a0\u00a0 Minist\u00e8re de l\u2019Economie, de la Planification et de l\u2019Am\u00e9nagement du Territoire<\/p>\n<p>&#8211;\u00a0\u00a0\u00a0 Minist\u00e8re des Finances<\/td>\n<\/tr>\n<tr>\n<td valign=\"top\" width=\"208\"><strong>Partenaires financiers: <\/strong><\/td>\n<td valign=\"top\" width=\"482\">&#8211;\u00a0\u00a0\u00a0 Fonds Commun pour les Produits de Base (CFC)<\/p>\n<p>&#8211;\u00a0\u00a0 Les Gouvernements de la R\u00e9publique du Cameroun et de la R\u00e9publique f\u00e9d\u00e9rale du Nig\u00e9ria<\/p>\n<p>&#8211;\u00a0Organisation des Nations Unies pour le D\u00e9veloppement Industriel (ONUDI)<\/p>\n<p>&#8211;\u00a0\u00a0\u00a0 Les sites pilotes du Cameroun et du Nig\u00e9ria<\/p>\n<p>&#8211;\u00a0\u00a0\u00a0 Les Syndicats Nationaux des Producteurs d\u2019Huile de Palme du Cameroun et du Nig\u00e9ria<\/td>\n<\/tr>\n<tr>\n<td valign=\"top\" width=\"208\"><strong>Objectifs du Projet: <\/strong><\/td>\n<td valign=\"top\" width=\"482\">&#8211;\u00a0\u00a0\u00a0 L\u2019objectif \u00e0 long terme du projet est de promouvoir le d\u00e9veloppement de la production et l\u2019utilisation durables du palmier \u00e0 huile dans les pays de l\u2019Afrique Centrale et de l\u2019Ouest, avec un accent sur les march\u00e9s comme la force motrice derri\u00e8re un tel d\u00e9veloppement sectoriel. Le projet vise \u00e0 contribuer \u00e0 la r\u00e9duction de la pauvret\u00e9 en zone rurale o\u00f9 le palmier \u00e0 huile est largement cultiv\u00e9, par la cr\u00e9ation des emplois tant en milieu rural qu\u2019en milieu urbain et la cr\u00e9ation de la valeur ajout\u00e9e en vue, en fin de compte, d\u2019am\u00e9liorer l\u2019\u00e9conomie des pays cibles.<\/td>\n<\/tr>\n<tr>\n<td valign=\"top\" width=\"208\"><strong>Composantes du projet\u00a0:<\/strong><\/td>\n<td valign=\"top\" width=\"482\">&#8211;\u00a0\u00a0\u00a0 Am\u00e9lioration des intrants technologies et des comp\u00e9tences dans la fili\u00e8re par un transfert de technologies.<\/p>\n<p>&#8211;\u00a0\u00a0\u00a0 Renforcement des capacit\u00e9s pour le d\u00e9veloppement et l&#8217;approvisionnement durables des huileries en r\u00e9gimes de fruits de palme frais.<\/p>\n<p>&#8211;\u00a0\u00a0\u00a0 Am\u00e9lioration de l\u2019acc\u00e8s au march\u00e9 et la comp\u00e9titivit\u00e9 de l&#8217;huile de palme produite dans la r\u00e9gion.<\/td>\n<\/tr>\n<tr>\n<td valign=\"top\" width=\"208\"><strong>Sites pilotes\u00a0: <\/strong><\/td>\n<td valign=\"top\" width=\"482\">4 au Cameroun<\/p>\n<p>&#8211;\u00a0\u00a0\u00a0 Green Valley Plantation, Bakingili-Limbe, D\u00e9partement de Fako, R\u00e9gion du Sud-Ouest<\/p>\n<p>&#8211;\u00a0\u00a0\u00a0 GIC BAMSO, Sombo, Departement de Nyong et Kelle, R\u00e9gion du Centre<\/p>\n<p>&#8211;\u00a0\u00a0\u00a0 Ejagham Oil Palm Cooperative \u00e0 Mkpot, D\u00e9partement de la Manyu Division, R\u00e9gion du Sud-Ouest<\/p>\n<p>&#8211;\u00a0\u00a0\u00a0 Teze-Ngieof the Multipurpose Cooperative Society, Momo Division, R\u00e9gion du Nord-Ouest<\/p>\n<p><i>2 au Nigeria<\/i><\/p>\n<p>&#8211;\u00a0\u00a0\u00a0 Igbotako-Ondo State<\/p>\n<p>&#8211;\u00a0\u00a0\u00a0 Abak-Akwa Ibom State<\/td>\n<\/tr>\n<tr>\n<td valign=\"top\" width=\"208\"><strong>R\u00e9sultats et Impacts attendus\u00a0:<\/strong><\/td>\n<td valign=\"top\" width=\"482\">Le projet contribuera au ralentissement de l\u2019exode rural.<\/p>\n<p>En particulier, le projet vise \u00e0 r\u00e9aliser:<\/p>\n<p>&#8211;\u00a0Le d\u00e9veloppement des politiques favorables \u00e0 l\u2019investissement dans la fili\u00e8re du palmier \u00e0 huile dans la r\u00e9gion.<\/p>\n<p>&#8211;\u00a0 La promotion d\u2019une industrie de transformation d\u2019huile de palme brute li\u00e9e aux chaines d\u2019approvisionnements globales.<\/p>\n<p>&#8211;\u00a0\u00a0\u00a0 L\u2019am\u00e9lioration de la commercialisation des produits finis par l\u2019\u00e9tablissement de liens (en aval et en amont ainsi que verticalement et horizontalement) entre les divers acteurs le long de la cha\u00eene de valeurs.<\/p>\n<p>&#8211;\u00a0\u00a0\u00a0 L\u2019approvisionnement durable en produits de base, d\u00e9terminant pour le d\u00e9veloppement des industries dans une perspective du long terme.<\/p>\n<p>&#8211;\u00a0\u00a0\u00a0 Le renforcement de la capacit\u00e9 des organismes cibles \u00e0 fournir des services de vulgarisation aux petits agriculteurs.<\/p>\n<p>&#8211;\u00a0 La promotion d\u2019une association r\u00e9gionale de producteurs d\u2019huile de palme dirig\u00e9e par le secteur priv\u00e9 pour traiter des questions r\u00e9gionales concernant la production, la transformation et la commercialisation d\u2019huile de palme.<\/td>\n<\/tr>\n<tr>\n<td valign=\"top\" width=\"208\"><strong>Date du lancement du projet<\/strong><\/td>\n<td valign=\"top\" width=\"482\">Le projet a \u00e9t\u00e9 lanc\u00e9 officiellement en mars 2007<\/td>\n<\/tr>\n<tr>\n<td valign=\"top\" width=\"208\"><strong>Partenaires techniques locaux<\/strong><\/td>\n<td valign=\"top\" width=\"482\">Pour accompagner le Projet, le MINMIDT a favoris\u00e9 la cr\u00e9ation d\u2019une association des constructeurs d\u2019\u00e9quipements de transformation de fruits de palme (ACET-FP)<\/p>\n<p>Signature d\u2019un protocole de collaboration avec l\u2019Ecole Nationale Sup\u00e9rieure Polytechnique en vue du d\u00e9veloppement des technologies locales de transformation d\u2019huile de palme<\/td>\n<\/tr>\n<tr>\n<td valign=\"top\" width=\"208\"><strong>Activit\u00e9s diverses<\/strong><\/td>\n<td valign=\"top\" width=\"482\">Tenue de plusieurs s\u00e9minaires de renforcement des capacit\u00e9s techniques des membres de l\u2019ACET-FP<\/td>\n<\/tr>\n<tr>\n<td valign=\"top\" width=\"208\"><strong>Travaux actuellement en cours au Cameroun<\/strong><\/td>\n<td valign=\"top\" width=\"482\">&#8211;\u00a0\u00a0 Construction (travaux de g\u00e9nie civil) achev\u00e9e des hangars dans trois sites de Sombo, Mpot et Teze<\/p>\n<p>&#8211;\u00a0\u00a0 Travaux de g\u00e9nie civil du site de Bakingili achev\u00e9s<\/p>\n<p>&#8211;\u00a0\u00a0 Cr\u00e9ation d\u2019une p\u00e9pini\u00e8re dans chaque site pilote<\/td>\n<\/tr>\n<tr>\n<td valign=\"top\" width=\"208\"><strong>Travaux dans les prochains mois<\/strong><\/td>\n<td valign=\"top\" width=\"482\">&#8211;\u00a0\u00a0 D\u00e9but de la mise en place de la composante relative au transfert de technologies dans les sites gr\u00e2ce \u00e0 l\u2019attribution, par l\u2019ONUDI, \u00e0 une entreprise locale, du march\u00e9 de construction des \u00e9quipements des diff\u00e9rentes huileries<\/td>\n<\/tr>\n<tr>\n<td valign=\"top\" width=\"208\"><strong>Perspectives <\/strong><\/td>\n<td valign=\"top\" width=\"482\">Il y a actuellement une \u00e9tude visant la p\u00e9rennisation du projet. Etant donn\u00e9 que la premi\u00e8re phase du projet s\u2019ach\u00e8ve en 2014 le programme de p\u00e9rennisation permettra de suivre et encadrer les activit\u00e9s des sites pilotes apr\u00e8s le d\u00e9part de l\u2019ONUDI et \u00e0 contribuer \u00e0 la s\u00e9lection de nouveaux sites pilotes pour la 2<sup>\u00e8me<\/sup> phase.<\/td>\n<\/tr>\n<\/tbody>\n<\/table>\n","protected":false},"excerpt":{"rendered":"<div class=\"mh-excerpt\"><p>Projet d\u2019Am\u00e9lioration de la Productivit\u00e9 et de la Comp\u00e9titivit\u00e9 de la fili\u00e8re Palmier \u00e0 Huile (APROCOM-PH) \u00a0 INFORMATIONS UTILES SUR LE PROJET \u00a0 Agence d\u2019Ex\u00e9cution <a class=\"mh-excerpt-more\" href=\"https:\/\/minminesgov.cc\/fr\/major-objectives\/aprocom-ph\/\" title=\"APROCOM-PH\">[More&#8230;]<\/a><\/p>\n<\/div>","protected":false},"author":1,"featured_media":0,"parent":11,"menu_order":2,"comment_status":"closed","ping_status":"closed","template":"","meta":{"footnotes":""},"class_list":["post-186","page","type-page","status-publish","hentry"],"_links":{"self":[{"href":"https:\/\/minminesgov.cc\/fr\/wp-json\/wp\/v2\/pages\/186"}],"collection":[{"href":"https:\/\/minminesgov.cc\/fr\/wp-json\/wp\/v2\/pages"}],"about":[{"href":"https:\/\/minminesgov.cc\/fr\/wp-json\/wp\/v2\/types\/page"}],"author":[{"embeddable":true,"href":"https:\/\/minminesgov.cc\/fr\/wp-json\/wp\/v2\/users\/1"}],"replies":[{"embeddable":true,"href":"https:\/\/minminesgov.cc\/fr\/wp-json\/wp\/v2\/comments?post=186"}],"version-history":[{"count":1,"href":"https:\/\/minminesgov.cc\/fr\/wp-json\/wp\/v2\/pages\/186\/revisions"}],"predecessor-version":[{"id":187,"href":"https:\/\/minminesgov.cc\/fr\/wp-json\/wp\/v2\/pages\/186\/revisions\/187"}],"up":[{"embeddable":true,"href":"https:\/\/minminesgov.cc\/fr\/wp-json\/wp\/v2\/pages\/11"}],"wp:attachment":[{"href":"https:\/\/minminesgov.cc\/fr\/wp-json\/wp\/v2\/media?parent=186"}],"curies":[{"name":"wp","href":"https:\/\/api.w.org\/{rel}","templated":true}]}}