{"id":160,"date":"2017-01-21T19:40:58","date_gmt":"2017-01-21T19:40:58","guid":{"rendered":"http:\/\/localhost\/mintmines.gov.cc\/?page_id=160"},"modified":"2017-01-21T19:40:58","modified_gmt":"2017-01-21T19:40:58","slug":"cellule-des-requetes-et-du-contentieux","status":"publish","type":"page","link":"https:\/\/minminesgov.cc\/fr\/ministry\/central-administration\/division-of-legal-affairs\/cellule-des-requetes-et-du-contentieux\/","title":{"rendered":"Cellule des requ\u00eates et du Contentieux"},"content":{"rendered":"<p>Plac\u00e9e sous l&#8217;autorit\u00e9 d&#8217;un Chef de Cellule, la Cellule des requ\u00eates et du Contentieux est charg\u00e9e:<\/p>\n<p align=\"left\">&#8211; de l&#8217;examen et du traitement des requ\u00eates et des recours administratifs, ainsi que de la gestion du contentieux en relation avec les directions techniques concern\u00e9es;<\/p>\n<p>&#8211; du suivi de l&#8217;instruction des recours administratifs, en relation avec les directions techniques concern\u00e9es;<\/p>\n<p>-de la saisine de la justice en cas de n\u00e9cessit\u00e9 ;<\/p>\n<p><i>&#8211;<\/i>de la pr\u00e9paration technique des dossiers devant servir de base \u00e0 la plaidoirie, en relation avec les auxiliaires de justice;<\/p>\n<p>&#8211; duconseil juridique, de la repr\u00e9sentation et de la d\u00e9fense des int\u00e9r\u00eats de l&#8217;Etat en justice, chaque fois que le Minist\u00e8re est concern\u00e9 par une proc\u00e9dure;<\/p>\n<p>&#8211; de la synth\u00e8se des rapports techniques en mati\u00e8re de contentieux transmis par les services centraux, d\u00e9concentr\u00e9s et rattach\u00e9s du Minist\u00e8re,<\/p>\n<p>&#8211; du suivi de l&#8217;ex\u00e9cution des d\u00e9cisions de justice ou arbitrales.<\/p>\n<p>Ellecomprend, outre le Chef de Cellule, deux (02) Charg\u00e9s d&#8217;Etudes Assistants.<\/p>\n","protected":false},"excerpt":{"rendered":"<div class=\"mh-excerpt\"><p>Plac\u00e9e sous l&#8217;autorit\u00e9 d&#8217;un Chef de Cellule, la Cellule des requ\u00eates et du Contentieux est charg\u00e9e: &#8211; de l&#8217;examen et du traitement des requ\u00eates et <a class=\"mh-excerpt-more\" href=\"https:\/\/minminesgov.cc\/fr\/ministry\/central-administration\/division-of-legal-affairs\/cellule-des-requetes-et-du-contentieux\/\" title=\"Cellule des requ\u00eates et du Contentieux\">[More&#8230;]<\/a><\/p>\n<\/div>","protected":false},"author":1,"featured_media":0,"parent":156,"menu_order":1,"comment_status":"closed","ping_status":"closed","template":"","meta":{"footnotes":""},"class_list":["post-160","page","type-page","status-publish","hentry"],"_links":{"self":[{"href":"https:\/\/minminesgov.cc\/fr\/wp-json\/wp\/v2\/pages\/160"}],"collection":[{"href":"https:\/\/minminesgov.cc\/fr\/wp-json\/wp\/v2\/pages"}],"about":[{"href":"https:\/\/minminesgov.cc\/fr\/wp-json\/wp\/v2\/types\/page"}],"author":[{"embeddable":true,"href":"https:\/\/minminesgov.cc\/fr\/wp-json\/wp\/v2\/users\/1"}],"replies":[{"embeddable":true,"href":"https:\/\/minminesgov.cc\/fr\/wp-json\/wp\/v2\/comments?post=160"}],"version-history":[{"count":1,"href":"https:\/\/minminesgov.cc\/fr\/wp-json\/wp\/v2\/pages\/160\/revisions"}],"predecessor-version":[{"id":161,"href":"https:\/\/minminesgov.cc\/fr\/wp-json\/wp\/v2\/pages\/160\/revisions\/161"}],"up":[{"embeddable":true,"href":"https:\/\/minminesgov.cc\/fr\/wp-json\/wp\/v2\/pages\/156"}],"wp:attachment":[{"href":"https:\/\/minminesgov.cc\/fr\/wp-json\/wp\/v2\/media?parent=160"}],"curies":[{"name":"wp","href":"https:\/\/api.w.org\/{rel}","templated":true}]}}