{"id":141,"date":"2017-01-21T19:19:23","date_gmt":"2017-01-21T19:19:23","guid":{"rendered":"http:\/\/localhost\/mintmines.gov.cc\/?page_id=141"},"modified":"2017-01-21T19:19:23","modified_gmt":"2017-01-21T19:19:23","slug":"cellule-des-strategies-technologiques-et-de-la-propriete-industrielle","status":"publish","type":"page","link":"https:\/\/minminesgov.cc\/fr\/ministry\/central-administration\/department-of-technological-development-industrial-properties\/cellule-des-strategies-technologiques-et-de-la-propriete-industrielle\/","title":{"rendered":"Cellule des Strat\u00e9gies Technologiques et de la Propri\u00e9t\u00e9 Industrielle"},"content":{"rendered":"<p>Plac\u00e9e sous l&#8217;autorit\u00e9 d&#8217;un Chef de Cellule, la Cellule des Strat\u00e9gies Technologiques et de la Propri\u00e9t\u00e9 Industrielle est charg\u00e9e:<\/p>\n<p>&#8211; de l&#8217;\u00e9laboration et de la r\u00e9alisation des \u00e9tudes-diagnostic du secteur technologique au Cameroun;<\/p>\n<p>&#8211;\u00a0\u00a0\u00a0\u00a0\u00a0 de l&#8217;\u00e9laboration des orientations strat\u00e9giques et des objectifs de d\u00e9veloppement technologique;<\/p>\n<p>&#8211;\u00a0\u00a0\u00a0\u00a0\u00a0 de la formulation de la strat\u00e9gie de vulgarisation, de valorisation et d&#8217;\u00e9valuation des r\u00e9sultats de la recherche, en liaison avec les administrations concern\u00e9es;<\/p>\n<p>&#8211; de la formulation de la strat\u00e9gie de d\u00e9veloppement du partenariat technologique entre l&#8217;Etat et les acteurs sect\u00f4riels de l&#8217;\u00e9conomie nationale;<\/p>\n<p>&#8211; de l&#8217;\u00e9laboration de strat\u00e9gies visant le financement de l&#8217;invention et de l&#8217;innovation;<\/p>\n<p>&#8211; de la formulation des mesures incitatives et de soutien \u00e0 l&#8217;innovation\u00a0 technologique;<\/p>\n<p>&#8211; de l&#8217;\u00e9laboration d&#8217;une strat\u00e9gie en mati\u00e8re de contr\u00f4le technologique;<\/p>\n<p>&#8211; de la collecte des donn\u00e9es statistiques en mati\u00e8re de d\u00e9veloppement technologique et de propri\u00e9t\u00e9 industrielle;<\/p>\n<p>&#8211; du suivi et de l&#8217;\u00e9valuation de la r\u00e9alisation des \u00e9tudes en mati\u00e8re de d\u00e9veloppement technologique et de propri\u00e9t\u00e9 industrielle;<\/p>\n<p>&#8211; du suivi et du contr\u00f4le des normes technologiques;<\/p>\n<p>&#8211; du contr\u00f4le technologique des industries de transformation;<\/p>\n<p>&#8211; de la collecte, de la conservation et de la diffusion de la documentation en mati\u00e8re de d\u00e9veloppement technologique et de propri\u00e9t\u00e9 industrielle.<\/p>\n<p>Elle comprend, outre le Chef de Cellule, deux (2) charg\u00e9s d&#8217;Etudes Assistants.<\/p>\n","protected":false},"excerpt":{"rendered":"<div class=\"mh-excerpt\"><p>Plac\u00e9e sous l&#8217;autorit\u00e9 d&#8217;un Chef de Cellule, la Cellule des Strat\u00e9gies Technologiques et de la Propri\u00e9t\u00e9 Industrielle est charg\u00e9e: &#8211; de l&#8217;\u00e9laboration et de la <a class=\"mh-excerpt-more\" href=\"https:\/\/minminesgov.cc\/fr\/ministry\/central-administration\/department-of-technological-development-industrial-properties\/cellule-des-strategies-technologiques-et-de-la-propriete-industrielle\/\" title=\"Cellule des Strat\u00e9gies Technologiques et de la Propri\u00e9t\u00e9 Industrielle\">[More&#8230;]<\/a><\/p>\n<\/div>","protected":false},"author":1,"featured_media":0,"parent":135,"menu_order":2,"comment_status":"closed","ping_status":"closed","template":"","meta":{"footnotes":""},"class_list":["post-141","page","type-page","status-publish","hentry"],"_links":{"self":[{"href":"https:\/\/minminesgov.cc\/fr\/wp-json\/wp\/v2\/pages\/141"}],"collection":[{"href":"https:\/\/minminesgov.cc\/fr\/wp-json\/wp\/v2\/pages"}],"about":[{"href":"https:\/\/minminesgov.cc\/fr\/wp-json\/wp\/v2\/types\/page"}],"author":[{"embeddable":true,"href":"https:\/\/minminesgov.cc\/fr\/wp-json\/wp\/v2\/users\/1"}],"replies":[{"embeddable":true,"href":"https:\/\/minminesgov.cc\/fr\/wp-json\/wp\/v2\/comments?post=141"}],"version-history":[{"count":1,"href":"https:\/\/minminesgov.cc\/fr\/wp-json\/wp\/v2\/pages\/141\/revisions"}],"predecessor-version":[{"id":142,"href":"https:\/\/minminesgov.cc\/fr\/wp-json\/wp\/v2\/pages\/141\/revisions\/142"}],"up":[{"embeddable":true,"href":"https:\/\/minminesgov.cc\/fr\/wp-json\/wp\/v2\/pages\/135"}],"wp:attachment":[{"href":"https:\/\/minminesgov.cc\/fr\/wp-json\/wp\/v2\/media?parent=141"}],"curies":[{"name":"wp","href":"https:\/\/api.w.org\/{rel}","templated":true}]}}