{"id":139,"date":"2017-01-21T19:18:37","date_gmt":"2017-01-21T19:18:37","guid":{"rendered":"http:\/\/localhost\/mintmines.gov.cc\/?page_id=139"},"modified":"2017-01-21T19:18:37","modified_gmt":"2017-01-21T19:18:37","slug":"sous-direction-de-la-propriete-industrielle","status":"publish","type":"page","link":"https:\/\/minminesgov.cc\/fr\/ministry\/central-administration\/department-of-technological-development-industrial-properties\/sous-direction-de-la-propriete-industrielle\/","title":{"rendered":"Sous-direction de la Propri\u00e9t\u00e9 Industrielle"},"content":{"rendered":"<p>Plac\u00e9e sous l&#8217;autorit\u00e9 d&#8217;un Sous-directeur, la Sous-direction de la Propri\u00e9t\u00e9 Industrielle est charg\u00e9e:<\/p>\n<p>&#8211; de la protection et de la promotion des droits de propri\u00e9t\u00e9 industrielle;<\/p>\n<p>&#8211; de la mise en \u0153uvre des programmes relatifs \u00e0 la propri\u00e9t\u00e9 industrielle;<\/p>\n<p>&#8211; du suivi du respect de la r\u00e9glementation en mati\u00e8re de propri\u00e9t\u00e9 industrielle;<\/p>\n<p>&#8211;\u00a0du suivi de la coop\u00e9ration avec les organismes internationaux en mati\u00e8re de propri\u00e9t\u00e9 industrielle;<\/p>\n<p>&#8211;\u00a0 du suivi et de la mise en \u0153uvre de l&#8217;Accord sur les Aspects des Droits de Propri\u00e9t\u00e9 Industrielle relatifs au Commerce;<\/p>\n<p>&#8211;\u00a0 de la gestion, de la tenue et de la mise \u00e0 jour permanente du fichier des noms commerciaux et du registre des soci\u00e9t\u00e9s, ainsi que ceux des brevets et des autres signes distinctifs;<\/p>\n<p>&#8211;\u00a0\u00a0\u00a0\u00a0\u00a0 de la lutte contre la contrefa\u00e7on et de toutes autres formes d&#8217;atteintes aux droits de propri\u00e9t\u00e9 industrielle, des relations avec les organismes de financement sp\u00e9cialis\u00e9s.<\/p>\n<p>Elle comprend:<\/p>\n<p>&#8211; le Service de la Documentation Technologique et de la Propri\u00e9t\u00e9 Industrielle;<\/p>\n<p>&#8211; le Service des Brevets et des Signes Distinctifs,<\/p>\n<p>&#8211; le Service de la Promotion et de l&#8217;Information Technologique et de la Propri\u00e9t\u00e9 Industrielle.<\/p>\n<p><strong>Le Service de la Doc<\/strong><strong>u<\/strong><strong>menta<\/strong><strong>t<\/strong><strong>io<\/strong><strong>n <\/strong><strong>Technologique et de la Propr<\/strong><strong>i<\/strong><strong>\u00e9t\u00e9 Industrielle<\/strong><\/p>\n<p>Plac\u00e9 sous l&#8217;autorit\u00e9 d&#8217;un Chef de Service, le Service de la Documentation Technologique et de la Propri\u00e9t\u00e9 Industrielle est charg\u00e9:<\/p>\n<p>&#8211; de la conservation de la documentation technologique sur support papier et sur support \u00e9lectronique;<\/p>\n<p>&#8211; des avis techniques pour le r\u00e8glement des litiges relatifs aux atteintes aux droits de propri\u00e9t\u00e9 industrielle;<\/p>\n<p>&#8211; de la tenue et de la mise \u00e0 jour permanente du fichier des noms commerciaux et du registre des soci\u00e9t\u00e9s, ainsi que ceux des brevets et des autres signes distinctifs;<\/p>\n<p>&#8211; de la mise \u00e0 jour des textes r\u00e9gissant la propri\u00e9t\u00e9 industrielle;<\/p>\n<p>&#8211; de la collecte et de la mise \u00e0 jour de la jurisprudence en mati\u00e8re de propri\u00e9t\u00e9 industrielle, de la gestion du site informatique, en liaison avec le WIPO Net de l&#8217;Organisation Mondiale de la Propri\u00e9t\u00e9 lntellectuelle.<\/p>\n<p>Il comprend:<\/p>\n<p>&#8211; le Bureau de la Publication,<\/p>\n<p>&#8211; le Bureau des Fichiers et Bases de Donn\u00e9es.<\/p>\n<p><strong>Le Service des Brevets et des S<\/strong><strong>i<\/strong><strong>gnes Distinctifs<\/strong><\/p>\n<p>Plac\u00e9 sous l&#8217;autorit\u00e9 d&#8217;un Chef de Service, le Service des Brevets et des Signes Distinctifs est charg\u00e9:<\/p>\n<p>&#8211; du suivi des questions relatives aux brevets et aux signes distinctifs;<\/p>\n<p>&#8211; de la collecte des statistiques sur les demandes et les d\u00e9livrances des titres de propri\u00e9t\u00e9 industrielle ;<\/p>\n<p>&#8211; de l&#8217;instruction des demandes de protection des titres adress\u00e9es \u00e0 l&#8217;Organisation Africaine de la Propri\u00e9t\u00e9 Intellectuelle par les nationaux;<\/p>\n<p>&#8211; de la gestion des noms commerciaux.<\/p>\n<p>Il comprend outre le Chef de Service, deux (02) Ing\u00e9nieurs d&#8217;Etudes.<\/p>\n<p><strong>Le Service de la Promotio<\/strong><strong>n et d<\/strong><strong>e l&#8217;Information Technologique et de la Propri\u00e9t\u00e9 Industrielle<\/strong><\/p>\n<p>Plac\u00e9 sous l&#8217;autorit\u00e9 d&#8217;un Chef de Service, le Service de la Promotion Technologique et de la Propri\u00e9t\u00e9 Industrielle est charg\u00e9 de :<\/p>\n<p>&#8211;\u00a0 l&#8217;information, la sensibilisation et la promotion du droit de la propri\u00e9t\u00e9 industrielle;<\/p>\n<p>&#8211;\u00a0\u00a0 la mise \u00e0 jour et la promotion des inventions brevet\u00e9es, ainsi que celles relevant du domaine public,<\/p>\n<p>&#8211;\u00a0la participation \u00e0 l&#8217;Organisation de la Journ\u00e9e Mondiale de la Propri\u00e9t\u00e9 Intellectuelle, de la Journ\u00e9e Africaine de la Propri\u00e9t\u00e9 Intellectuelle, des s\u00e9minaires, conf\u00e9rences, salons et autres manifestations de m\u00eame nature, en liaison avec les administrations concern\u00e9es.<\/p>\n<p>Il comprend outre le Chef de Service, deux (02) Ing\u00e9nieurs d&#8217;Etudes.<\/p>\n","protected":false},"excerpt":{"rendered":"<div class=\"mh-excerpt\"><p>Plac\u00e9e sous l&#8217;autorit\u00e9 d&#8217;un Sous-directeur, la Sous-direction de la Propri\u00e9t\u00e9 Industrielle est charg\u00e9e: &#8211; de la protection et de la promotion des droits de propri\u00e9t\u00e9 <a class=\"mh-excerpt-more\" href=\"https:\/\/minminesgov.cc\/fr\/ministry\/central-administration\/department-of-technological-development-industrial-properties\/sous-direction-de-la-propriete-industrielle\/\" title=\"Sous-direction de la Propri\u00e9t\u00e9 Industrielle\">[More&#8230;]<\/a><\/p>\n<\/div>","protected":false},"author":1,"featured_media":0,"parent":135,"menu_order":1,"comment_status":"closed","ping_status":"closed","template":"","meta":{"footnotes":""},"class_list":["post-139","page","type-page","status-publish","hentry"],"_links":{"self":[{"href":"https:\/\/minminesgov.cc\/fr\/wp-json\/wp\/v2\/pages\/139"}],"collection":[{"href":"https:\/\/minminesgov.cc\/fr\/wp-json\/wp\/v2\/pages"}],"about":[{"href":"https:\/\/minminesgov.cc\/fr\/wp-json\/wp\/v2\/types\/page"}],"author":[{"embeddable":true,"href":"https:\/\/minminesgov.cc\/fr\/wp-json\/wp\/v2\/users\/1"}],"replies":[{"embeddable":true,"href":"https:\/\/minminesgov.cc\/fr\/wp-json\/wp\/v2\/comments?post=139"}],"version-history":[{"count":1,"href":"https:\/\/minminesgov.cc\/fr\/wp-json\/wp\/v2\/pages\/139\/revisions"}],"predecessor-version":[{"id":140,"href":"https:\/\/minminesgov.cc\/fr\/wp-json\/wp\/v2\/pages\/139\/revisions\/140"}],"up":[{"embeddable":true,"href":"https:\/\/minminesgov.cc\/fr\/wp-json\/wp\/v2\/pages\/135"}],"wp:attachment":[{"href":"https:\/\/minminesgov.cc\/fr\/wp-json\/wp\/v2\/media?parent=139"}],"curies":[{"name":"wp","href":"https:\/\/api.w.org\/{rel}","templated":true}]}}