{"id":131,"date":"2017-01-21T19:11:40","date_gmt":"2017-01-21T19:11:40","guid":{"rendered":"http:\/\/localhost\/mintmines.gov.cc\/?page_id=131"},"modified":"2017-01-21T19:11:40","modified_gmt":"2017-01-21T19:11:40","slug":"cellule-de-la-strategie-et-de-la-promotion-industrielles","status":"publish","type":"page","link":"https:\/\/minminesgov.cc\/fr\/ministry\/central-administration\/department-of-industries\/cellule-de-la-strategie-et-de-la-promotion-industrielles\/","title":{"rendered":"Cellule de la Strat\u00e9gie et de la Promotion Industrielles"},"content":{"rendered":"<p>Plac\u00e9e sous l&#8217;autorit\u00e9 d&#8217;un Chef de Cellule, la Cellule de la Strat\u00e9gie et de la Promotion Industrielles est charg\u00e9e:<\/p>\n<p>&#8211; de l&#8217;\u00e9laboration de la politique et des strat\u00e9gies de d\u00e9veloppement industriel;<\/p>\n<p>&#8211; de la mise en \u0153uvre des engagements internationaux de l&#8217;Etat, relatifs au d\u00e9veloppement industriel, en liaison avec les administrations concern\u00e9es; de l&#8217;identification, de la formulation des projets et programmes industriels, ainsi que la constitution d&#8217;une banque de projets industriels;<\/p>\n<p>&#8211; de la participation \u00e0 l&#8217;\u00e9laboration et du suivi de l&#8217;application des textes\u00a0 r\u00e9glementaires se rapportant au d\u00e9veloppement industriel;<\/p>\n<p>&#8211;\u00a0de la contribution \u00e0 la promotion des questions environnementales et du d\u00e9veloppement durable au sein des industries;<\/p>\n<p>&#8211; de l&#8217;actualisation des co\u00fbts des facteurs de production industrielle et du suivi de l&#8217;activit\u00e9 industrielle;<\/p>\n<p>&#8211;\u00a0du suivi de la promotion des incitations \u00e0 l&#8217;investissement relatives au d\u00e9veloppement des entreprises industrielles, en liaison avec l&#8217;Organisme National de Promotion des Investissements;<\/p>\n<p>&#8211; de la promotion des projets industriels aupr\u00e8s des investisseurs;<\/p>\n<p>&#8211; de la conception, de l&#8217;exploitation et de la diffusion de toute documentation de promotion industrielle, en liaison avec les administrations concern\u00e9es;<\/p>\n<p>&#8211; du suivi de la mise en oeuvre des actions de promotion visant l&#8217;attraction des investissements dans le secteur industriel;<\/p>\n<p>&#8211; du suivi des activit\u00e9s de promotion des organismes nationaux et internationaux en charge des questions industrielles;<\/p>\n<p>&#8211; de l&#8217;organisation de la participation du Cameroun aux Foires industrielles nationales et internationales;<\/p>\n<p>&#8211; de la mise en \u0153uvre du partenariat industriel avec les organismes nationaux et internationaux,<\/p>\n<p>&#8211; de l&#8217;orientation des promoteurs industriels au sujet de la mati\u00e8re premi\u00e8re et de son utilisation optimale, de la technologie, des march\u00e9s et de la comp\u00e9titivit\u00e9 dans le cadre des projets d&#8217;implantation, d&#8217;expansion et de consolidation d&#8217;usines, en liaison avec les administrations concern\u00e9es.<\/p>\n<p>Elle comprend, outre le Chef de Cellule, deux (02) Charg\u00e9s d&#8217;Etudes Assistants.<\/p>\n","protected":false},"excerpt":{"rendered":"<div class=\"mh-excerpt\"><p>Plac\u00e9e sous l&#8217;autorit\u00e9 d&#8217;un Chef de Cellule, la Cellule de la Strat\u00e9gie et de la Promotion Industrielles est charg\u00e9e: &#8211; de l&#8217;\u00e9laboration de la politique <a class=\"mh-excerpt-more\" href=\"https:\/\/minminesgov.cc\/fr\/ministry\/central-administration\/department-of-industries\/cellule-de-la-strategie-et-de-la-promotion-industrielles\/\" title=\"Cellule de la Strat\u00e9gie et de la Promotion Industrielles\">[More&#8230;]<\/a><\/p>\n<\/div>","protected":false},"author":1,"featured_media":0,"parent":125,"menu_order":0,"comment_status":"closed","ping_status":"closed","template":"","meta":{"footnotes":""},"class_list":["post-131","page","type-page","status-publish","hentry"],"_links":{"self":[{"href":"https:\/\/minminesgov.cc\/fr\/wp-json\/wp\/v2\/pages\/131"}],"collection":[{"href":"https:\/\/minminesgov.cc\/fr\/wp-json\/wp\/v2\/pages"}],"about":[{"href":"https:\/\/minminesgov.cc\/fr\/wp-json\/wp\/v2\/types\/page"}],"author":[{"embeddable":true,"href":"https:\/\/minminesgov.cc\/fr\/wp-json\/wp\/v2\/users\/1"}],"replies":[{"embeddable":true,"href":"https:\/\/minminesgov.cc\/fr\/wp-json\/wp\/v2\/comments?post=131"}],"version-history":[{"count":1,"href":"https:\/\/minminesgov.cc\/fr\/wp-json\/wp\/v2\/pages\/131\/revisions"}],"predecessor-version":[{"id":132,"href":"https:\/\/minminesgov.cc\/fr\/wp-json\/wp\/v2\/pages\/131\/revisions\/132"}],"up":[{"embeddable":true,"href":"https:\/\/minminesgov.cc\/fr\/wp-json\/wp\/v2\/pages\/125"}],"wp:attachment":[{"href":"https:\/\/minminesgov.cc\/fr\/wp-json\/wp\/v2\/media?parent=131"}],"curies":[{"name":"wp","href":"https:\/\/api.w.org\/{rel}","templated":true}]}}